{"id":179,"date":"2023-05-26T10:55:57","date_gmt":"2023-05-26T13:55:57","guid":{"rendered":"https:\/\/pluginsds.com\/sites\/?page_id=179"},"modified":"2024-01-31T10:39:24","modified_gmt":"2024-01-31T13:39:24","slug":"home","status":"publish","type":"page","link":"https:\/\/gvlabs.com.br\/amoreljoias\/","title":{"rendered":"Home"},"content":{"rendered":"\t\t<div data-elementor-type=\"wp-page\" data-elementor-id=\"179\" class=\"elementor elementor-179\" data-elementor-settings=\"{&quot;ha_cmc_init_switcher&quot;:&quot;no&quot;}\">\n\t\t\t\t<a class=\"elementor-element elementor-element-995e1ee e-flex e-con-boxed e-con e-parent\" data-id=\"995e1ee\" data-element_type=\"container\" data-e-type=\"container\" data-settings=\"{&quot;background_background&quot;:&quot;classic&quot;,&quot;_ha_eqh_enable&quot;:false}\" href=\"https:\/\/gvlabs.com.br\/amoreljoias\/loja\/\">\n\t\t\t\t\t<div class=\"e-con-inner\">\n\t\t\t\t\t<\/div>\n\t\t\t\t<\/a>\n\t\t<div class=\"elementor-element elementor-element-3af9838 e-flex e-con-boxed elementor-invisible e-con e-parent\" data-id=\"3af9838\" data-element_type=\"container\" data-e-type=\"container\" data-settings=\"{&quot;animation&quot;:&quot;fadeIn&quot;,&quot;_ha_eqh_enable&quot;:false}\">\n\t\t\t\t\t<div class=\"e-con-inner\">\n\t\t\t\t<div class=\"elementor-element elementor-element-aa178f4 elementor-widget__width-initial elementor-widget elementor-widget-heading\" data-id=\"aa178f4\" data-element_type=\"widget\" data-e-type=\"widget\" data-widget_type=\"heading.default\">\n\t\t\t\t<div class=\"elementor-widget-container\">\n\t\t\t\t\t<h2 class=\"elementor-heading-title elementor-size-default\">Compre por categoria:\n<\/h2>\t\t\t\t<\/div>\n\t\t\t\t<\/div>\n\t\t\t\t<div class=\"elementor-element elementor-element-76d2575 elementor-align-right elementor-widget__width-initial elementor-widget elementor-widget-button\" data-id=\"76d2575\" data-element_type=\"widget\" data-e-type=\"widget\" data-widget_type=\"button.default\">\n\t\t\t\t<div class=\"elementor-widget-container\">\n\t\t\t\t\t\t\t\t\t<div class=\"elementor-button-wrapper\">\n\t\t\t\t\t<a class=\"elementor-button elementor-button-link elementor-size-sm\" href=\"https:\/\/gvlabs.com.br\/amoreljoias\/loja\/\">\n\t\t\t\t\t\t<span class=\"elementor-button-content-wrapper\">\n\t\t\t\t\t\t<span class=\"elementor-button-icon\">\n\t\t\t\t<i aria-hidden=\"true\" class=\"fas fa-long-arrow-alt-right\"><\/i>\t\t\t<\/span>\n\t\t\t\t\t\t\t\t\t<span class=\"elementor-button-text\">Ver tudo<\/span>\n\t\t\t\t\t<\/span>\n\t\t\t\t\t<\/a>\n\t\t\t\t<\/div>\n\t\t\t\t\t\t\t\t<\/div>\n\t\t\t\t<\/div>\n\t\t\t\t<div class=\"elementor-element elementor-element-81b13f1 elementor-widget__width-initial elementor-position-top elementor-widget elementor-widget-image-box\" data-id=\"81b13f1\" data-element_type=\"widget\" data-e-type=\"widget\" data-widget_type=\"image-box.default\">\n\t\t\t\t<div class=\"elementor-widget-container\">\n\t\t\t\t\t<div class=\"elementor-image-box-wrapper\"><figure class=\"elementor-image-box-img\"><a href=\"https:\/\/gvlabs.com.br\/amoreljoias\/categoria-produto\/brincos\/\" tabindex=\"-1\"><img fetchpriority=\"high\" decoding=\"async\" width=\"300\" height=\"300\" src=\"https:\/\/gvlabs.com.br\/amoreljoias\/wp-content\/uploads\/2023\/05\/1.png\" class=\"elementor-animation-grow attachment-full size-full wp-image-284\" alt=\"\" srcset=\"https:\/\/gvlabs.com.br\/amoreljoias\/wp-content\/uploads\/2023\/05\/1.png 300w, https:\/\/gvlabs.com.br\/amoreljoias\/wp-content\/uploads\/2023\/05\/1-100x100.png 100w, https:\/\/gvlabs.com.br\/amoreljoias\/wp-content\/uploads\/2023\/05\/1-64x64.png 64w, https:\/\/gvlabs.com.br\/amoreljoias\/wp-content\/uploads\/2023\/05\/1-150x150.png 150w\" sizes=\"(max-width: 300px) 100vw, 300px\" \/><\/a><\/figure><div class=\"elementor-image-box-content\"><h3 class=\"elementor-image-box-title\"><a href=\"https:\/\/gvlabs.com.br\/amoreljoias\/categoria-produto\/brincos\/\">Brincos<\/a><\/h3><\/div><\/div>\t\t\t\t<\/div>\n\t\t\t\t<\/div>\n\t\t\t\t<div class=\"elementor-element elementor-element-b586230 elementor-widget__width-initial elementor-position-top elementor-widget elementor-widget-image-box\" data-id=\"b586230\" data-element_type=\"widget\" data-e-type=\"widget\" data-widget_type=\"image-box.default\">\n\t\t\t\t<div class=\"elementor-widget-container\">\n\t\t\t\t\t<div class=\"elementor-image-box-wrapper\"><figure class=\"elementor-image-box-img\"><a href=\"https:\/\/gvlabs.com.br\/amoreljoias\/categoria-produto\/pulseiras\/\" tabindex=\"-1\"><img decoding=\"async\" width=\"300\" height=\"300\" src=\"https:\/\/gvlabs.com.br\/amoreljoias\/wp-content\/uploads\/2023\/05\/Design-sem-nome-70.png\" class=\"elementor-animation-grow attachment-full size-full wp-image-285\" alt=\"\" srcset=\"https:\/\/gvlabs.com.br\/amoreljoias\/wp-content\/uploads\/2023\/05\/Design-sem-nome-70.png 300w, https:\/\/gvlabs.com.br\/amoreljoias\/wp-content\/uploads\/2023\/05\/Design-sem-nome-70-100x100.png 100w, https:\/\/gvlabs.com.br\/amoreljoias\/wp-content\/uploads\/2023\/05\/Design-sem-nome-70-64x64.png 64w, https:\/\/gvlabs.com.br\/amoreljoias\/wp-content\/uploads\/2023\/05\/Design-sem-nome-70-150x150.png 150w\" sizes=\"(max-width: 300px) 100vw, 300px\" \/><\/a><\/figure><div class=\"elementor-image-box-content\"><h3 class=\"elementor-image-box-title\"><a href=\"https:\/\/gvlabs.com.br\/amoreljoias\/categoria-produto\/pulseiras\/\">Pulseiras<\/a><\/h3><\/div><\/div>\t\t\t\t<\/div>\n\t\t\t\t<\/div>\n\t\t\t\t<div class=\"elementor-element elementor-element-7705844 elementor-widget__width-initial elementor-position-top elementor-widget elementor-widget-image-box\" data-id=\"7705844\" data-element_type=\"widget\" data-e-type=\"widget\" data-widget_type=\"image-box.default\">\n\t\t\t\t<div class=\"elementor-widget-container\">\n\t\t\t\t\t<div class=\"elementor-image-box-wrapper\"><figure class=\"elementor-image-box-img\"><a href=\"https:\/\/gvlabs.com.br\/amoreljoias\/categoria-produto\/braceletes\/\" tabindex=\"-1\"><img decoding=\"async\" width=\"300\" height=\"300\" src=\"https:\/\/gvlabs.com.br\/amoreljoias\/wp-content\/uploads\/2023\/05\/4.png\" class=\"elementor-animation-grow attachment-full size-full wp-image-283\" alt=\"\" srcset=\"https:\/\/gvlabs.com.br\/amoreljoias\/wp-content\/uploads\/2023\/05\/4.png 300w, https:\/\/gvlabs.com.br\/amoreljoias\/wp-content\/uploads\/2023\/05\/4-100x100.png 100w, https:\/\/gvlabs.com.br\/amoreljoias\/wp-content\/uploads\/2023\/05\/4-64x64.png 64w, https:\/\/gvlabs.com.br\/amoreljoias\/wp-content\/uploads\/2023\/05\/4-150x150.png 150w\" sizes=\"(max-width: 300px) 100vw, 300px\" \/><\/a><\/figure><div class=\"elementor-image-box-content\"><h3 class=\"elementor-image-box-title\"><a href=\"https:\/\/gvlabs.com.br\/amoreljoias\/categoria-produto\/braceletes\/\">Braceletes<\/a><\/h3><\/div><\/div>\t\t\t\t<\/div>\n\t\t\t\t<\/div>\n\t\t\t\t<div class=\"elementor-element elementor-element-bc59f21 elementor-widget__width-initial elementor-position-top elementor-widget elementor-widget-image-box\" data-id=\"bc59f21\" data-element_type=\"widget\" data-e-type=\"widget\" data-widget_type=\"image-box.default\">\n\t\t\t\t<div class=\"elementor-widget-container\">\n\t\t\t\t\t<div class=\"elementor-image-box-wrapper\"><figure class=\"elementor-image-box-img\"><a href=\"https:\/\/gvlabs.com.br\/amoreljoias\/categoria-produto\/conjuntos\/\" tabindex=\"-1\"><img loading=\"lazy\" decoding=\"async\" width=\"300\" height=\"300\" src=\"https:\/\/gvlabs.com.br\/amoreljoias\/wp-content\/uploads\/2023\/05\/3.png\" class=\"elementor-animation-grow attachment-full size-full wp-image-282\" alt=\"\" srcset=\"https:\/\/gvlabs.com.br\/amoreljoias\/wp-content\/uploads\/2023\/05\/3.png 300w, https:\/\/gvlabs.com.br\/amoreljoias\/wp-content\/uploads\/2023\/05\/3-100x100.png 100w, https:\/\/gvlabs.com.br\/amoreljoias\/wp-content\/uploads\/2023\/05\/3-64x64.png 64w, https:\/\/gvlabs.com.br\/amoreljoias\/wp-content\/uploads\/2023\/05\/3-150x150.png 150w\" sizes=\"(max-width: 300px) 100vw, 300px\" \/><\/a><\/figure><div class=\"elementor-image-box-content\"><h3 class=\"elementor-image-box-title\"><a href=\"https:\/\/gvlabs.com.br\/amoreljoias\/categoria-produto\/conjuntos\/\">Conjuntos<\/a><\/h3><\/div><\/div>\t\t\t\t<\/div>\n\t\t\t\t<\/div>\n\t\t\t\t<div class=\"elementor-element elementor-element-6ed0b37 elementor-widget__width-initial elementor-position-top elementor-widget elementor-widget-image-box\" data-id=\"6ed0b37\" data-element_type=\"widget\" data-e-type=\"widget\" data-widget_type=\"image-box.default\">\n\t\t\t\t<div class=\"elementor-widget-container\">\n\t\t\t\t\t<div class=\"elementor-image-box-wrapper\"><figure class=\"elementor-image-box-img\"><a href=\"https:\/\/gvlabs.com.br\/amoreljoias\/categoria-produto\/colares\/\" tabindex=\"-1\"><img loading=\"lazy\" decoding=\"async\" width=\"300\" height=\"300\" src=\"https:\/\/gvlabs.com.br\/amoreljoias\/wp-content\/uploads\/2023\/05\/Design-sem-nome-67.png\" class=\"elementor-animation-grow attachment-full size-full wp-image-287\" alt=\"\" srcset=\"https:\/\/gvlabs.com.br\/amoreljoias\/wp-content\/uploads\/2023\/05\/Design-sem-nome-67.png 300w, https:\/\/gvlabs.com.br\/amoreljoias\/wp-content\/uploads\/2023\/05\/Design-sem-nome-67-100x100.png 100w, https:\/\/gvlabs.com.br\/amoreljoias\/wp-content\/uploads\/2023\/05\/Design-sem-nome-67-64x64.png 64w, https:\/\/gvlabs.com.br\/amoreljoias\/wp-content\/uploads\/2023\/05\/Design-sem-nome-67-150x150.png 150w\" sizes=\"(max-width: 300px) 100vw, 300px\" \/><\/a><\/figure><div class=\"elementor-image-box-content\"><h3 class=\"elementor-image-box-title\"><a href=\"https:\/\/gvlabs.com.br\/amoreljoias\/categoria-produto\/colares\/\">Colares<\/a><\/h3><\/div><\/div>\t\t\t\t<\/div>\n\t\t\t\t<\/div>\n\t\t\t\t<div class=\"elementor-element elementor-element-a9239e0 elementor-widget__width-initial elementor-position-top elementor-widget elementor-widget-image-box\" data-id=\"a9239e0\" data-element_type=\"widget\" data-e-type=\"widget\" data-widget_type=\"image-box.default\">\n\t\t\t\t<div class=\"elementor-widget-container\">\n\t\t\t\t\t<div class=\"elementor-image-box-wrapper\"><figure class=\"elementor-image-box-img\"><a href=\"https:\/\/gvlabs.com.br\/amoreljoias\/categoria-produto\/relogios\/\" tabindex=\"-1\"><img loading=\"lazy\" decoding=\"async\" width=\"300\" height=\"300\" src=\"https:\/\/gvlabs.com.br\/amoreljoias\/wp-content\/uploads\/2023\/05\/Design-sem-nome-69.png\" class=\"elementor-animation-grow attachment-full size-full wp-image-286\" alt=\"\" srcset=\"https:\/\/gvlabs.com.br\/amoreljoias\/wp-content\/uploads\/2023\/05\/Design-sem-nome-69.png 300w, https:\/\/gvlabs.com.br\/amoreljoias\/wp-content\/uploads\/2023\/05\/Design-sem-nome-69-100x100.png 100w, https:\/\/gvlabs.com.br\/amoreljoias\/wp-content\/uploads\/2023\/05\/Design-sem-nome-69-64x64.png 64w, https:\/\/gvlabs.com.br\/amoreljoias\/wp-content\/uploads\/2023\/05\/Design-sem-nome-69-150x150.png 150w\" sizes=\"(max-width: 300px) 100vw, 300px\" \/><\/a><\/figure><div class=\"elementor-image-box-content\"><h3 class=\"elementor-image-box-title\"><a href=\"https:\/\/gvlabs.com.br\/amoreljoias\/categoria-produto\/relogios\/\">Rel\u00f3gios<\/a><\/h3><\/div><\/div>\t\t\t\t<\/div>\n\t\t\t\t<\/div>\n\t\t\t\t\t<\/div>\n\t\t\t\t<\/div>\n\t\t<div class=\"elementor-element elementor-element-017809d e-flex e-con-boxed elementor-invisible e-con e-parent\" data-id=\"017809d\" data-element_type=\"container\" data-e-type=\"container\" data-settings=\"{&quot;animation&quot;:&quot;fadeIn&quot;,&quot;_ha_eqh_enable&quot;:false}\">\n\t\t\t\t\t<div class=\"e-con-inner\">\n\t\t\t\t<div class=\"elementor-element elementor-element-1d0b92a elementor-widget-divider--view-line_text elementor-widget-divider--element-align-center elementor-widget elementor-widget-divider\" data-id=\"1d0b92a\" data-element_type=\"widget\" data-e-type=\"widget\" data-widget_type=\"divider.default\">\n\t\t\t\t<div class=\"elementor-widget-container\">\n\t\t\t\t\t\t\t<div class=\"elementor-divider\">\n\t\t\t<span class=\"elementor-divider-separator\">\n\t\t\t\t\t\t\t<h1 class=\"elementor-divider__text elementor-divider__element\">\n\t\t\t\tLAN\u00c7AMENTOS\t\t\t\t<\/h1>\n\t\t\t\t\t\t<\/span>\n\t\t<\/div>\n\t\t\t\t\t\t<\/div>\n\t\t\t\t<\/div>\n\t\t\t\t<div class=\"elementor-element elementor-element-dc9619e elementor-align-center elementor-widget elementor-widget-shopengine-product-list\" data-id=\"dc9619e\" data-element_type=\"widget\" data-e-type=\"widget\" data-settings=\"{&quot;show_product_hover_overlay&quot;:&quot;yes&quot;,&quot;product_hover_overlay_position&quot;:&quot;bottom&quot;}\" data-widget_type=\"shopengine-product-list.default\">\n\t\t\t\t<div class=\"elementor-widget-container\">\n\t\t\t\t\t<div class=\"shopengine shopengine-widget\"><\/div>\t\t\t\t<\/div>\n\t\t\t\t<\/div>\n\t\t<div class=\"elementor-element elementor-element-d5b2dd9 e-flex e-con-boxed e-con e-child\" data-id=\"d5b2dd9\" data-element_type=\"container\" data-e-type=\"container\" data-settings=\"{&quot;_ha_eqh_enable&quot;:false}\">\n\t\t\t\t\t<div class=\"e-con-inner\">\n\t\t\t\t<div class=\"elementor-element elementor-element-e14c933 elementor-widget__width-initial elementor-widget elementor-widget-image\" data-id=\"e14c933\" data-element_type=\"widget\" data-e-type=\"widget\" data-widget_type=\"image.default\">\n\t\t\t\t<div class=\"elementor-widget-container\">\n\t\t\t\t\t\t\t\t\t\t\t\t\t\t\t\t<a href=\"https:\/\/gvlabs.com.br\/amoreljoias\/categoria-produto\/colares\/\">\n\t\t\t\t\t\t\t<img loading=\"lazy\" decoding=\"async\" width=\"1080\" height=\"1372\" src=\"https:\/\/gvlabs.com.br\/amoreljoias\/wp-content\/uploads\/2023\/05\/1-2.png\" class=\"elementor-animation-float attachment-full size-full wp-image-316\" alt=\"\" srcset=\"https:\/\/gvlabs.com.br\/amoreljoias\/wp-content\/uploads\/2023\/05\/1-2.png 1080w, https:\/\/gvlabs.com.br\/amoreljoias\/wp-content\/uploads\/2023\/05\/1-2-600x762.png 600w, https:\/\/gvlabs.com.br\/amoreljoias\/wp-content\/uploads\/2023\/05\/1-2-64x81.png 64w, https:\/\/gvlabs.com.br\/amoreljoias\/wp-content\/uploads\/2023\/05\/1-2-236x300.png 236w, https:\/\/gvlabs.com.br\/amoreljoias\/wp-content\/uploads\/2023\/05\/1-2-806x1024.png 806w, https:\/\/gvlabs.com.br\/amoreljoias\/wp-content\/uploads\/2023\/05\/1-2-768x976.png 768w\" sizes=\"(max-width: 1080px) 100vw, 1080px\" \/>\t\t\t\t\t\t\t\t<\/a>\n\t\t\t\t\t\t\t\t\t\t\t\t\t\t\t<\/div>\n\t\t\t\t<\/div>\n\t\t\t\t<div class=\"elementor-element elementor-element-2eb59ea elementor-widget__width-initial elementor-widget elementor-widget-image\" data-id=\"2eb59ea\" data-element_type=\"widget\" data-e-type=\"widget\" data-widget_type=\"image.default\">\n\t\t\t\t<div class=\"elementor-widget-container\">\n\t\t\t\t\t\t\t\t\t\t\t\t\t\t\t\t<a href=\"https:\/\/gvlabs.com.br\/amoreljoias\/categoria-produto\/argolas\/\">\n\t\t\t\t\t\t\t<img loading=\"lazy\" decoding=\"async\" width=\"1080\" height=\"1372\" src=\"https:\/\/gvlabs.com.br\/amoreljoias\/wp-content\/uploads\/2023\/05\/3-2.png\" class=\"elementor-animation-float attachment-full size-full wp-image-317\" alt=\"\" srcset=\"https:\/\/gvlabs.com.br\/amoreljoias\/wp-content\/uploads\/2023\/05\/3-2.png 1080w, https:\/\/gvlabs.com.br\/amoreljoias\/wp-content\/uploads\/2023\/05\/3-2-600x762.png 600w, https:\/\/gvlabs.com.br\/amoreljoias\/wp-content\/uploads\/2023\/05\/3-2-64x81.png 64w, https:\/\/gvlabs.com.br\/amoreljoias\/wp-content\/uploads\/2023\/05\/3-2-236x300.png 236w, https:\/\/gvlabs.com.br\/amoreljoias\/wp-content\/uploads\/2023\/05\/3-2-806x1024.png 806w, https:\/\/gvlabs.com.br\/amoreljoias\/wp-content\/uploads\/2023\/05\/3-2-768x976.png 768w\" sizes=\"(max-width: 1080px) 100vw, 1080px\" \/>\t\t\t\t\t\t\t\t<\/a>\n\t\t\t\t\t\t\t\t\t\t\t\t\t\t\t<\/div>\n\t\t\t\t<\/div>\n\t\t\t\t<div class=\"elementor-element elementor-element-ce76cf3 elementor-widget__width-initial elementor-widget elementor-widget-image\" data-id=\"ce76cf3\" data-element_type=\"widget\" data-e-type=\"widget\" data-widget_type=\"image.default\">\n\t\t\t\t<div class=\"elementor-widget-container\">\n\t\t\t\t\t\t\t\t\t\t\t\t\t\t\t\t<a href=\"https:\/\/gvlabs.com.br\/amoreljoias\/categoria-produto\/braceletes\/\">\n\t\t\t\t\t\t\t<img loading=\"lazy\" decoding=\"async\" width=\"1080\" height=\"1372\" src=\"https:\/\/gvlabs.com.br\/amoreljoias\/wp-content\/uploads\/2023\/05\/2-2.png\" class=\"elementor-animation-float attachment-full size-full wp-image-318\" alt=\"\" srcset=\"https:\/\/gvlabs.com.br\/amoreljoias\/wp-content\/uploads\/2023\/05\/2-2.png 1080w, https:\/\/gvlabs.com.br\/amoreljoias\/wp-content\/uploads\/2023\/05\/2-2-600x762.png 600w, https:\/\/gvlabs.com.br\/amoreljoias\/wp-content\/uploads\/2023\/05\/2-2-64x81.png 64w, https:\/\/gvlabs.com.br\/amoreljoias\/wp-content\/uploads\/2023\/05\/2-2-236x300.png 236w, https:\/\/gvlabs.com.br\/amoreljoias\/wp-content\/uploads\/2023\/05\/2-2-806x1024.png 806w, https:\/\/gvlabs.com.br\/amoreljoias\/wp-content\/uploads\/2023\/05\/2-2-768x976.png 768w\" sizes=\"(max-width: 1080px) 100vw, 1080px\" \/>\t\t\t\t\t\t\t\t<\/a>\n\t\t\t\t\t\t\t\t\t\t\t\t\t\t\t<\/div>\n\t\t\t\t<\/div>\n\t\t\t\t\t<\/div>\n\t\t\t\t<\/div>\n\t\t\t\t<div class=\"elementor-element elementor-element-b1226d7 elementor-widget-divider--view-line_text elementor-widget-divider--element-align-center elementor-widget elementor-widget-divider\" data-id=\"b1226d7\" data-element_type=\"widget\" data-e-type=\"widget\" data-widget_type=\"divider.default\">\n\t\t\t\t<div class=\"elementor-widget-container\">\n\t\t\t\t\t\t\t<div class=\"elementor-divider\">\n\t\t\t<span class=\"elementor-divider-separator\">\n\t\t\t\t\t\t\t<h1 class=\"elementor-divider__text elementor-divider__element\">\n\t\t\t\tOS QUERIDINHOS\t\t\t\t<\/h1>\n\t\t\t\t\t\t<\/span>\n\t\t<\/div>\n\t\t\t\t\t\t<\/div>\n\t\t\t\t<\/div>\n\t\t\t\t<div class=\"elementor-element elementor-element-21e5178 elementor-align-center elementor-widget elementor-widget-shopengine-product-list\" data-id=\"21e5178\" data-element_type=\"widget\" data-e-type=\"widget\" data-settings=\"{&quot;show_product_hover_overlay&quot;:&quot;yes&quot;,&quot;product_hover_overlay_position&quot;:&quot;bottom&quot;}\" data-widget_type=\"shopengine-product-list.default\">\n\t\t\t\t<div class=\"elementor-widget-container\">\n\t\t\t\t\t<div class=\"shopengine shopengine-widget\"><\/div>\t\t\t\t<\/div>\n\t\t\t\t<\/div>\n\t\t\t\t\t<\/div>\n\t\t\t\t<\/div>\n\t\t\t\t<\/div>\n\t\t","protected":false},"excerpt":{"rendered":"<p>Compre por categoria: Ver tudo Brincos Pulseiras Braceletes Conjuntos Colares Rel\u00f3gios LAN\u00c7AMENTOS Comprar -12% Relogios Rel\u00f3gio Prata De Quartzo Com Avalia\u00e7\u00e3o 4.75 de 5(4) &#82;&#36;&nbsp;250,00 &#82;&#36;&nbsp;220,00 Ver op\u00e7\u00f5es An\u00e9is 2 pe\u00e7as Anel Prata ou Dourado Avalia\u00e7\u00e3o 5.00 de 5(1) &#82;&#36;&nbsp;250,00 &#82;&#36;&nbsp;220,00 Ver op\u00e7\u00f5es An\u00e9is 2 pe\u00e7as de anel Dourado de de Avalia\u00e7\u00e3o 5.00 de 5(1) [&hellip;]<\/p>\n","protected":false},"author":1,"featured_media":0,"parent":0,"menu_order":0,"comment_status":"closed","ping_status":"closed","template":"elementor_header_footer","meta":{"footnotes":""},"class_list":["post-179","page","type-page","status-publish","hentry"],"_hostinger_reach_plugin_has_subscription_block":false,"_hostinger_reach_plugin_is_elementor":false,"_links":{"self":[{"href":"https:\/\/gvlabs.com.br\/amoreljoias\/wp-json\/wp\/v2\/pages\/179","targetHints":{"allow":["GET"]}}],"collection":[{"href":"https:\/\/gvlabs.com.br\/amoreljoias\/wp-json\/wp\/v2\/pages"}],"about":[{"href":"https:\/\/gvlabs.com.br\/amoreljoias\/wp-json\/wp\/v2\/types\/page"}],"author":[{"embeddable":true,"href":"https:\/\/gvlabs.com.br\/amoreljoias\/wp-json\/wp\/v2\/users\/1"}],"replies":[{"embeddable":true,"href":"https:\/\/gvlabs.com.br\/amoreljoias\/wp-json\/wp\/v2\/comments?post=179"}],"version-history":[{"count":0,"href":"https:\/\/gvlabs.com.br\/amoreljoias\/wp-json\/wp\/v2\/pages\/179\/revisions"}],"wp:attachment":[{"href":"https:\/\/gvlabs.com.br\/amoreljoias\/wp-json\/wp\/v2\/media?parent=179"}],"curies":[{"name":"wp","href":"https:\/\/api.w.org\/{rel}","templated":true}]}}