{"id":77,"date":"2023-05-26T10:51:50","date_gmt":"2023-05-26T13:51:50","guid":{"rendered":"https:\/\/pluginsds.com\/sites\/?post_type=product&#038;p=77"},"modified":"2024-04-25T19:57:10","modified_gmt":"2024-04-25T22:57:10","slug":"2-pecas-anel-prata-ou-dourado-com-decoracao-de-zircao","status":"publish","type":"product","link":"https:\/\/gvlabs.com.br\/amoreljoias\/produto\/2-pecas-anel-prata-ou-dourado-com-decoracao-de-zircao\/","title":{"rendered":"2 pe\u00e7as Anel Prata ou Dourado com Decora\u00e7\u00e3o de Zirc\u00e3o"},"content":{"rendered":"","protected":false},"excerpt":{"rendered":"","protected":false},"featured_media":120,"comment_status":"open","ping_status":"closed","template":"","meta":[],"product_brand":[],"product_cat":[47,46],"product_tag":[],"class_list":{"0":"post-77","1":"product","2":"type-product","3":"status-publish","4":"has-post-thumbnail","6":"product_cat-aneis","7":"product_cat-conjuntos","9":"first","10":"instock","11":"sale","12":"shipping-taxable","13":"purchasable","14":"product-type-variable"},"_links":{"self":[{"href":"https:\/\/gvlabs.com.br\/amoreljoias\/wp-json\/wp\/v2\/product\/77","targetHints":{"allow":["GET"]}}],"collection":[{"href":"https:\/\/gvlabs.com.br\/amoreljoias\/wp-json\/wp\/v2\/product"}],"about":[{"href":"https:\/\/gvlabs.com.br\/amoreljoias\/wp-json\/wp\/v2\/types\/product"}],"replies":[{"embeddable":true,"href":"https:\/\/gvlabs.com.br\/amoreljoias\/wp-json\/wp\/v2\/comments?post=77"}],"wp:featuredmedia":[{"embeddable":true,"href":"https:\/\/gvlabs.com.br\/amoreljoias\/wp-json\/wp\/v2\/media\/120"}],"wp:attachment":[{"href":"https:\/\/gvlabs.com.br\/amoreljoias\/wp-json\/wp\/v2\/media?parent=77"}],"wp:term":[{"taxonomy":"product_brand","embeddable":true,"href":"https:\/\/gvlabs.com.br\/amoreljoias\/wp-json\/wp\/v2\/product_brand?post=77"},{"taxonomy":"product_cat","embeddable":true,"href":"https:\/\/gvlabs.com.br\/amoreljoias\/wp-json\/wp\/v2\/product_cat?post=77"},{"taxonomy":"product_tag","embeddable":true,"href":"https:\/\/gvlabs.com.br\/amoreljoias\/wp-json\/wp\/v2\/product_tag?post=77"}],"curies":[{"name":"wp","href":"https:\/\/api.w.org\/{rel}","templated":true}]}}