{"id":90,"date":"2023-05-26T10:51:50","date_gmt":"2023-05-26T13:51:50","guid":{"rendered":"https:\/\/pluginsds.com\/sites\/?post_type=product&#038;p=90"},"modified":"2023-05-26T10:52:08","modified_gmt":"2023-05-26T13:52:08","slug":"pulseira-bracelete-dourado-decoracao-de-no","status":"publish","type":"product","link":"https:\/\/gvlabs.com.br\/amoreljoias\/produto\/pulseira-bracelete-dourado-decoracao-de-no\/","title":{"rendered":"Pulseira\/Bracelete Dourado decora\u00e7\u00e3o de n\u00f3"},"content":{"rendered":"","protected":false},"excerpt":{"rendered":"","protected":false},"featured_media":146,"comment_status":"open","ping_status":"closed","template":"","meta":[],"product_brand":[],"product_cat":[49],"product_tag":[],"class_list":{"0":"post-90","1":"product","2":"type-product","3":"status-publish","4":"has-post-thumbnail","6":"product_cat-pulseiras","8":"first","9":"instock","10":"sale","11":"shipping-taxable","12":"purchasable","13":"product-type-simple"},"_links":{"self":[{"href":"https:\/\/gvlabs.com.br\/amoreljoias\/wp-json\/wp\/v2\/product\/90","targetHints":{"allow":["GET"]}}],"collection":[{"href":"https:\/\/gvlabs.com.br\/amoreljoias\/wp-json\/wp\/v2\/product"}],"about":[{"href":"https:\/\/gvlabs.com.br\/amoreljoias\/wp-json\/wp\/v2\/types\/product"}],"replies":[{"embeddable":true,"href":"https:\/\/gvlabs.com.br\/amoreljoias\/wp-json\/wp\/v2\/comments?post=90"}],"wp:featuredmedia":[{"embeddable":true,"href":"https:\/\/gvlabs.com.br\/amoreljoias\/wp-json\/wp\/v2\/media\/146"}],"wp:attachment":[{"href":"https:\/\/gvlabs.com.br\/amoreljoias\/wp-json\/wp\/v2\/media?parent=90"}],"wp:term":[{"taxonomy":"product_brand","embeddable":true,"href":"https:\/\/gvlabs.com.br\/amoreljoias\/wp-json\/wp\/v2\/product_brand?post=90"},{"taxonomy":"product_cat","embeddable":true,"href":"https:\/\/gvlabs.com.br\/amoreljoias\/wp-json\/wp\/v2\/product_cat?post=90"},{"taxonomy":"product_tag","embeddable":true,"href":"https:\/\/gvlabs.com.br\/amoreljoias\/wp-json\/wp\/v2\/product_tag?post=90"}],"curies":[{"name":"wp","href":"https:\/\/api.w.org\/{rel}","templated":true}]}}